{"id":1076,"date":"2021-11-11T15:38:54","date_gmt":"2021-11-11T15:38:54","guid":{"rendered":"https:\/\/meemtownhouse.com\/rooms\/"},"modified":"2024-01-12T21:59:52","modified_gmt":"2024-01-12T21:59:52","slug":"habitaciones","status":"publish","type":"page","link":"https:\/\/meemtownhouse.com\/es\/habitaciones\/","title":{"rendered":"Habitaciones"},"content":{"rendered":"[vc_row type=\u00bbin_container\u00bb full_screen_row_position=\u00bbmiddle\u00bb column_margin=\u00bbdefault\u00bb column_direction=\u00bbdefault\u00bb column_direction_tablet=\u00bbdefault\u00bb column_direction_phone=\u00bbdefault\u00bb scene_position=\u00bbcenter\u00bb top_padding=\u00bb3%\u00bb constrain_group_1=\u00bbyes\u00bb bottom_padding=\u00bb3%\u00bb text_color=\u00bbdark\u00bb text_align=\u00bbleft\u00bb row_border_radius=\u00bbnone\u00bb row_border_radius_applies=\u00bbbg\u00bb overlay_strength=\u00bb0.3&#8243; gradient_direction=\u00bbleft_to_right\u00bb shape_divider_position=\u00bbbottom\u00bb bg_image_animation=\u00bbnone\u00bb shape_type=\u00bb\u00bb][vc_column column_padding=\u00bbno-extra-padding\u00bb column_padding_tablet=\u00bbinherit\u00bb column_padding_phone=\u00bbinherit\u00bb column_padding_position=\u00bball\u00bb column_element_spacing=\u00bbdefault\u00bb background_color_opacity=\u00bb1&#8243; background_hover_color_opacity=\u00bb1&#8243; column_shadow=\u00bbnone\u00bb column_border_radius=\u00bbnone\u00bb column_link_target=\u00bb_self\u00bb gradient_direction=\u00bbleft_to_right\u00bb overlay_strength=\u00bb0.3&#8243; width=\u00bb1\/6&#8243; tablet_width_inherit=\u00bbdefault\u00bb tablet_text_alignment=\u00bbdefault\u00bb phone_text_alignment=\u00bbdefault\u00bb bg_image_animation=\u00bbnone\u00bb border_type=\u00bbsimple\u00bb column_border_width=\u00bbnone\u00bb column_border_style=\u00bbsolid\u00bb][\/vc_column][vc_column column_padding=\u00bbno-extra-padding\u00bb column_padding_tablet=\u00bbinherit\u00bb column_padding_phone=\u00bbinherit\u00bb column_padding_position=\u00bball\u00bb column_element_spacing=\u00bbdefault\u00bb background_color_opacity=\u00bb1&#8243; background_hover_color_opacity=\u00bb1&#8243; column_shadow=\u00bbnone\u00bb column_border_radius=\u00bbnone\u00bb column_link_target=\u00bb_self\u00bb gradient_direction=\u00bbleft_to_right\u00bb overlay_strength=\u00bb0.3&#8243; width=\u00bb2\/3&#8243; tablet_width_inherit=\u00bbdefault\u00bb tablet_text_alignment=\u00bbdefault\u00bb phone_text_alignment=\u00bbdefault\u00bb bg_image_animation=\u00bbnone\u00bb border_type=\u00bbsimple\u00bb column_border_width=\u00bbnone\u00bb column_border_style=\u00bbsolid\u00bb][vc_column_text]\n<p style=\"text-align: center;\">Meem Townhouse es una casa tradicional mallorquina totalmente reformada donde se ha preservado la arquitectura original apostando por la sostenibilidad.<\/p>\n<p style=\"text-align: center;\">Las 7 suites que componen el hotel Meem Townhouse mantienen sus techos interminables, vigas vistas y puertas originales. Nuestro capricho ha sido a\u00f1adir contemporaneidad con mobiliario seleccionado de Expormim, Dusty Deco, Menu Space, Huguet, Thatcooliving y nanimarquina entre otros, una iluminaci\u00f3n exquisita de la mano de Santa &amp; Cole y Davide Groppi y productos de aseo Grown Alchemist.<\/p>\n<p style=\"text-align: center;\">Tanto el dise\u00f1o de la casa como los <em>amenities<\/em> y detalles han sido cuidados de forma minuciosa para crear una experiencia especial, \u00fanica y agradable.<\/p>\n[\/vc_column_text][\/vc_column][vc_column column_padding=\u00bbno-extra-padding\u00bb column_padding_tablet=\u00bbinherit\u00bb column_padding_phone=\u00bbinherit\u00bb column_padding_position=\u00bball\u00bb column_element_spacing=\u00bbdefault\u00bb background_color_opacity=\u00bb1&#8243; background_hover_color_opacity=\u00bb1&#8243; column_shadow=\u00bbnone\u00bb column_border_radius=\u00bbnone\u00bb column_link_target=\u00bb_self\u00bb gradient_direction=\u00bbleft_to_right\u00bb overlay_strength=\u00bb0.3&#8243; width=\u00bb1\/6&#8243; tablet_width_inherit=\u00bbdefault\u00bb tablet_text_alignment=\u00bbdefault\u00bb phone_text_alignment=\u00bbdefault\u00bb bg_image_animation=\u00bbnone\u00bb border_type=\u00bbsimple\u00bb column_border_width=\u00bbnone\u00bb column_border_style=\u00bbsolid\u00bb][\/vc_column][\/vc_row][vc_row type=\u00bbfull_width_content\u00bb full_screen_row_position=\u00bbmiddle\u00bb column_margin=\u00bbdefault\u00bb equal_height=\u00bbyes\u00bb content_placement=\u00bbmiddle\u00bb column_direction=\u00bbdefault\u00bb column_direction_tablet=\u00bbdefault\u00bb column_direction_phone=\u00bbdefault\u00bb scene_position=\u00bbcenter\u00bb text_color=\u00bblight\u00bb text_align=\u00bbcenter\u00bb row_border_radius=\u00bbnone\u00bb row_border_radius_applies=\u00bbbg\u00bb overlay_strength=\u00bb0.3&#8243; gradient_direction=\u00bbleft_to_right\u00bb shape_divider_position=\u00bbbottom\u00bb bg_image_animation=\u00bbnone\u00bb shape_type=\u00bb\u00bb][vc_column column_padding=\u00bbpadding-3-percent\u00bb column_padding_tablet=\u00bbinherit\u00bb column_padding_phone=\u00bbinherit\u00bb column_padding_position=\u00bball\u00bb column_element_spacing=\u00bbdefault\u00bb centered_text=\u00bbtrue\u00bb background_color=\u00bb#000000&#8243; background_color_opacity=\u00bb0.1&#8243; background_hover_color_opacity=\u00bb0.8&#8243; background_image=\u00bb979&#8243; background_image_position=\u00bbcenter center\u00bb background_image_loading=\u00bbdefault\u00bb column_shadow=\u00bbnone\u00bb column_border_radius=\u00bbnone\u00bb column_link_target=\u00bb_self\u00bb gradient_direction=\u00bbleft_to_right\u00bb overlay_strength=\u00bb0.3&#8243; width=\u00bb1\/4&#8243; tablet_width_inherit=\u00bbdefault\u00bb tablet_text_alignment=\u00bbdefault\u00bb phone_text_alignment=\u00bbdefault\u00bb bg_image_animation=\u00bbnone\u00bb enable_animation=\u00bbtrue\u00bb animation=\u00bbfade-in\u00bb border_type=\u00bbsimple\u00bb column_border_width=\u00bb5px\u00bb column_border_color=\u00bb#e4e2dd\u00bb column_border_style=\u00bbsolid\u00bb delay=\u00bb200&#8243;][divider line_type=\u00bbNo Line\u00bb custom_height=\u00bb150&#8243;][nectar_cta btn_style=\u00bbunderline\u00bb heading_tag=\u00bbh3&#8243; button_color=\u00bbdefault\u00bb link_type=\u00bbregular\u00bb alignment=\u00bbcenter\u00bb alignment_tablet=\u00bbdefault\u00bb alignment_phone=\u00bbdefault\u00bb display=\u00bbblock\u00bb url=\u00bbhttps:\/\/meemtownhouse.com\/es\/deluxe-room-1\/\u00bb link_text=\u00bbDeluxe Room\u00bb][divider line_type=\u00bbNo Line\u00bb custom_height=\u00bb150&#8243;][\/vc_column][vc_column column_padding=\u00bbpadding-3-percent\u00bb column_padding_tablet=\u00bbinherit\u00bb column_padding_phone=\u00bbinherit\u00bb column_padding_position=\u00bball\u00bb column_element_spacing=\u00bbdefault\u00bb centered_text=\u00bbtrue\u00bb background_color=\u00bb#000000&#8243; background_color_opacity=\u00bb0.1&#8243; background_hover_color_opacity=\u00bb0.8&#8243; background_image=\u00bb1000&#8243; background_image_position=\u00bbcenter center\u00bb background_image_loading=\u00bbdefault\u00bb column_shadow=\u00bbnone\u00bb column_border_radius=\u00bbnone\u00bb column_link_target=\u00bb_self\u00bb gradient_direction=\u00bbleft_to_right\u00bb overlay_strength=\u00bb0.3&#8243; width=\u00bb1\/4&#8243; tablet_width_inherit=\u00bbdefault\u00bb tablet_text_alignment=\u00bbdefault\u00bb phone_text_alignment=\u00bbdefault\u00bb bg_image_animation=\u00bbnone\u00bb enable_animation=\u00bbtrue\u00bb animation=\u00bbfade-in\u00bb border_type=\u00bbsimple\u00bb column_border_width=\u00bb5px\u00bb column_border_color=\u00bb#e4e2dd\u00bb column_border_style=\u00bbsolid\u00bb delay=\u00bb300&#8243;][divider line_type=\u00bbNo Line\u00bb custom_height=\u00bb150&#8243;][nectar_cta btn_style=\u00bbunderline\u00bb heading_tag=\u00bbh3&#8243; button_color=\u00bbdefault\u00bb link_type=\u00bbregular\u00bb alignment=\u00bbcenter\u00bb alignment_tablet=\u00bbdefault\u00bb alignment_phone=\u00bbdefault\u00bb display=\u00bbblock\u00bb url=\u00bbhttps:\/\/meemtownhouse.com\/es\/suite-2\/\u00bb link_text=\u00bbSuite\u00bb][divider line_type=\u00bbNo Line\u00bb custom_height=\u00bb150&#8243;][\/vc_column][vc_column column_padding=\u00bbpadding-3-percent\u00bb column_padding_tablet=\u00bbinherit\u00bb column_padding_phone=\u00bbinherit\u00bb column_padding_position=\u00bball\u00bb column_element_spacing=\u00bbdefault\u00bb centered_text=\u00bbtrue\u00bb background_color=\u00bb#000000&#8243; background_color_opacity=\u00bb0.1&#8243; background_hover_color_opacity=\u00bb0.8&#8243; background_image=\u00bb972&#8243; background_image_position=\u00bbcenter center\u00bb background_image_loading=\u00bbdefault\u00bb column_shadow=\u00bbnone\u00bb column_border_radius=\u00bbnone\u00bb column_link_target=\u00bb_self\u00bb gradient_direction=\u00bbleft_to_right\u00bb overlay_strength=\u00bb0.3&#8243; width=\u00bb1\/4&#8243; tablet_width_inherit=\u00bbdefault\u00bb tablet_text_alignment=\u00bbdefault\u00bb phone_text_alignment=\u00bbdefault\u00bb bg_image_animation=\u00bbnone\u00bb enable_animation=\u00bbtrue\u00bb animation=\u00bbfade-in\u00bb border_type=\u00bbsimple\u00bb column_border_width=\u00bb5px\u00bb column_border_color=\u00bb#e4e2dd\u00bb column_border_style=\u00bbsolid\u00bb delay=\u00bb400&#8243;][divider line_type=\u00bbNo Line\u00bb custom_height=\u00bb150&#8243;][nectar_cta btn_style=\u00bbunderline\u00bb heading_tag=\u00bbh3&#8243; button_color=\u00bbdefault\u00bb link_type=\u00bbregular\u00bb alignment=\u00bbcenter\u00bb alignment_tablet=\u00bbdefault\u00bb alignment_phone=\u00bbdefault\u00bb display=\u00bbblock\u00bb url=\u00bbhttps:\/\/meemtownhouse.com\/es\/junior-suite-3\/\u00bb link_text=\u00bbJunior Suite\u00bb][divider line_type=\u00bbNo Line\u00bb custom_height=\u00bb150&#8243;][\/vc_column][vc_column column_padding=\u00bbpadding-3-percent\u00bb column_padding_tablet=\u00bbinherit\u00bb column_padding_phone=\u00bbinherit\u00bb column_padding_position=\u00bball\u00bb column_element_spacing=\u00bbdefault\u00bb centered_text=\u00bbtrue\u00bb background_color_opacity=\u00bb1&#8243; background_hover_color_opacity=\u00bb1&#8243; background_image=\u00bb1010&#8243; background_image_position=\u00bbcenter center\u00bb background_image_loading=\u00bbdefault\u00bb column_shadow=\u00bbnone\u00bb column_border_radius=\u00bbnone\u00bb column_link_target=\u00bb_self\u00bb gradient_direction=\u00bbleft_to_right\u00bb overlay_strength=\u00bb0.3&#8243; width=\u00bb1\/4&#8243; tablet_width_inherit=\u00bbdefault\u00bb tablet_text_alignment=\u00bbdefault\u00bb phone_text_alignment=\u00bbdefault\u00bb bg_image_animation=\u00bbnone\u00bb enable_animation=\u00bbtrue\u00bb animation=\u00bbfade-in\u00bb border_type=\u00bbsimple\u00bb column_border_width=\u00bb5px\u00bb column_border_color=\u00bb#e4e2dd\u00bb column_border_style=\u00bbsolid\u00bb delay=\u00bb200&#8243;][divider line_type=\u00bbNo Line\u00bb custom_height=\u00bb150&#8243; custom_height_phone=\u00bb150&#8243;][nectar_cta btn_style=\u00bbunderline\u00bb heading_tag=\u00bbh3&#8243; button_color=\u00bbdefault\u00bb link_type=\u00bbregular\u00bb alignment=\u00bbcenter\u00bb alignment_tablet=\u00bbdefault\u00bb alignment_phone=\u00bbdefault\u00bb display=\u00bbblock\u00bb url=\u00bbhttps:\/\/meemtownhouse.com\/es\/suite-4\/\u00bb link_text=\u00bbSuite\u00bb][divider line_type=\u00bbNo Line\u00bb custom_height=\u00bb150&#8243; custom_height_phone=\u00bb150&#8243;][\/vc_column][\/vc_row][vc_row type=\u00bbfull_width_content\u00bb full_screen_row_position=\u00bbmiddle\u00bb column_margin=\u00bbdefault\u00bb equal_height=\u00bbyes\u00bb content_placement=\u00bbmiddle\u00bb column_direction=\u00bbdefault\u00bb column_direction_tablet=\u00bbdefault\u00bb column_direction_phone=\u00bbdefault\u00bb scene_position=\u00bbcenter\u00bb text_color=\u00bblight\u00bb text_align=\u00bbcenter\u00bb row_border_radius=\u00bbnone\u00bb row_border_radius_applies=\u00bbbg\u00bb overlay_strength=\u00bb0.3&#8243; gradient_direction=\u00bbleft_to_right\u00bb shape_divider_position=\u00bbbottom\u00bb bg_image_animation=\u00bbnone\u00bb shape_type=\u00bb\u00bb][vc_column column_padding=\u00bbpadding-3-percent\u00bb column_padding_tablet=\u00bbinherit\u00bb column_padding_phone=\u00bbinherit\u00bb column_padding_position=\u00bball\u00bb column_element_spacing=\u00bbdefault\u00bb centered_text=\u00bbtrue\u00bb background_color=\u00bb#000000&#8243; background_color_opacity=\u00bb0.1&#8243; background_hover_color_opacity=\u00bb0.8&#8243; background_image=\u00bb993&#8243; background_image_position=\u00bbcenter center\u00bb background_image_loading=\u00bbdefault\u00bb column_shadow=\u00bbnone\u00bb column_border_radius=\u00bbnone\u00bb column_link_target=\u00bb_self\u00bb gradient_direction=\u00bbleft_to_right\u00bb overlay_strength=\u00bb0.3&#8243; width=\u00bb1\/4&#8243; tablet_width_inherit=\u00bbdefault\u00bb tablet_text_alignment=\u00bbdefault\u00bb phone_text_alignment=\u00bbdefault\u00bb bg_image_animation=\u00bbnone\u00bb enable_animation=\u00bbtrue\u00bb animation=\u00bbfade-in\u00bb border_type=\u00bbsimple\u00bb column_border_width=\u00bb5px\u00bb column_border_color=\u00bb#e4e2dd\u00bb column_border_style=\u00bbsolid\u00bb delay=\u00bb200&#8243;][divider line_type=\u00bbNo Line\u00bb custom_height=\u00bb150&#8243;][nectar_cta btn_style=\u00bbunderline\u00bb heading_tag=\u00bbh3&#8243; button_color=\u00bbdefault\u00bb link_type=\u00bbregular\u00bb alignment=\u00bbcenter\u00bb alignment_tablet=\u00bbdefault\u00bb alignment_phone=\u00bbdefault\u00bb display=\u00bbblock\u00bb url=\u00bbhttps:\/\/meemtownhouse.com\/es\/junior-suite-5\/\u00bb link_text=\u00bbJunior Suite\u00bb][divider line_type=\u00bbNo Line\u00bb custom_height=\u00bb150&#8243;][\/vc_column][vc_column column_padding=\u00bbpadding-3-percent\u00bb column_padding_tablet=\u00bbinherit\u00bb column_padding_phone=\u00bbinherit\u00bb column_padding_position=\u00bball\u00bb column_element_spacing=\u00bbdefault\u00bb centered_text=\u00bbtrue\u00bb background_color=\u00bb#000000&#8243; background_color_opacity=\u00bb0.1&#8243; background_hover_color_opacity=\u00bb0.8&#8243; background_image=\u00bb961&#8243; background_image_position=\u00bbcenter center\u00bb background_image_loading=\u00bbdefault\u00bb column_shadow=\u00bbnone\u00bb column_border_radius=\u00bbnone\u00bb column_link_target=\u00bb_self\u00bb gradient_direction=\u00bbleft_to_right\u00bb overlay_strength=\u00bb0.3&#8243; width=\u00bb1\/4&#8243; tablet_width_inherit=\u00bbdefault\u00bb tablet_text_alignment=\u00bbdefault\u00bb phone_text_alignment=\u00bbdefault\u00bb bg_image_animation=\u00bbnone\u00bb enable_animation=\u00bbtrue\u00bb animation=\u00bbfade-in\u00bb border_type=\u00bbsimple\u00bb column_border_width=\u00bb5px\u00bb column_border_color=\u00bb#e4e2dd\u00bb column_border_style=\u00bbsolid\u00bb delay=\u00bb300&#8243;][divider line_type=\u00bbNo Line\u00bb custom_height=\u00bb150&#8243;][nectar_cta btn_style=\u00bbunderline\u00bb heading_tag=\u00bbh3&#8243; button_color=\u00bbdefault\u00bb link_type=\u00bbregular\u00bb alignment=\u00bbcenter\u00bb alignment_tablet=\u00bbdefault\u00bb alignment_phone=\u00bbdefault\u00bb display=\u00bbblock\u00bb url=\u00bbhttps:\/\/meemtownhouse.com\/es\/junior-suite-6\/\u00bb link_text=\u00bbJunior Suite\u00bb][divider line_type=\u00bbNo Line\u00bb custom_height=\u00bb150&#8243;][\/vc_column][vc_column column_padding=\u00bbpadding-3-percent\u00bb column_padding_tablet=\u00bbinherit\u00bb column_padding_phone=\u00bbinherit\u00bb column_padding_position=\u00bball\u00bb column_element_spacing=\u00bbdefault\u00bb centered_text=\u00bbtrue\u00bb background_color=\u00bb#000000&#8243; background_color_opacity=\u00bb0.1&#8243; background_hover_color_opacity=\u00bb0.8&#8243; background_image=\u00bb1032&#8243; background_image_position=\u00bbcenter center\u00bb background_image_loading=\u00bbdefault\u00bb column_shadow=\u00bbnone\u00bb column_border_radius=\u00bbnone\u00bb column_link_target=\u00bb_self\u00bb gradient_direction=\u00bbleft_to_right\u00bb overlay_strength=\u00bb0.3&#8243; width=\u00bb1\/4&#8243; tablet_width_inherit=\u00bbdefault\u00bb tablet_text_alignment=\u00bbdefault\u00bb phone_text_alignment=\u00bbdefault\u00bb bg_image_animation=\u00bbnone\u00bb enable_animation=\u00bbtrue\u00bb animation=\u00bbfade-in\u00bb border_type=\u00bbsimple\u00bb column_border_width=\u00bb5px\u00bb column_border_color=\u00bb#e4e2dd\u00bb column_border_style=\u00bbsolid\u00bb delay=\u00bb400&#8243;][divider line_type=\u00bbNo Line\u00bb custom_height=\u00bb150&#8243;][nectar_cta btn_style=\u00bbunderline\u00bb heading_tag=\u00bbh3&#8243; button_color=\u00bbdefault\u00bb link_type=\u00bbregular\u00bb alignment=\u00bbcenter\u00bb alignment_tablet=\u00bbdefault\u00bb alignment_phone=\u00bbdefault\u00bb display=\u00bbblock\u00bb url=\u00bbhttps:\/\/meemtownhouse.com\/es\/suite-7\/\u00bb link_text=\u00bbSuite\u00bb][divider line_type=\u00bbNo Line\u00bb custom_height=\u00bb150&#8243;][\/vc_column][vc_column column_padding=\u00bbpadding-3-percent\u00bb column_padding_tablet=\u00bbinherit\u00bb column_padding_phone=\u00bbinherit\u00bb column_padding_position=\u00bball\u00bb column_element_spacing=\u00bbdefault\u00bb centered_text=\u00bbtrue\u00bb background_color=\u00bb#000000&#8243; background_color_opacity=\u00bb1&#8243; background_hover_color_opacity=\u00bb1&#8243; column_shadow=\u00bbnone\u00bb column_border_radius=\u00bbnone\u00bb column_link_target=\u00bb_self\u00bb gradient_direction=\u00bbleft_to_right\u00bb overlay_strength=\u00bb0.3&#8243; width=\u00bb1\/4&#8243; tablet_width_inherit=\u00bbdefault\u00bb tablet_text_alignment=\u00bbdefault\u00bb phone_text_alignment=\u00bbdefault\u00bb bg_image_animation=\u00bbnone\u00bb enable_animation=\u00bbtrue\u00bb animation=\u00bbfade-in\u00bb border_type=\u00bbsimple\u00bb column_border_width=\u00bb5px\u00bb column_border_color=\u00bb#e4e2dd\u00bb column_border_style=\u00bbsolid\u00bb delay=\u00bb200&#8243;][divider line_type=\u00bbNo Line\u00bb custom_height=\u00bb0&#8243; custom_height_phone=\u00bb100&#8243;][vc_column_text]\n<p style=\"text-align: center;\"><span style=\"color: #ffffff;\">Tanto el dise\u00f1o como las amenidades y detalles han sido tratados con detalle para crear una experiencia especial, \u00fanica y placentera.<\/span><\/p>\n[\/vc_column_text][divider line_type=\u00bbNo Line\u00bb custom_height=\u00bb0&#8243; custom_height_phone=\u00bb150&#8243;][\/vc_column][\/vc_row][vc_row type=\u00bbin_container\u00bb full_screen_row_position=\u00bbmiddle\u00bb column_margin=\u00bbdefault\u00bb column_direction=\u00bbdefault\u00bb column_direction_tablet=\u00bbdefault\u00bb column_direction_phone=\u00bbdefault\u00bb scene_position=\u00bbcenter\u00bb top_padding=\u00bb3%\u00bb constrain_group_1=\u00bbyes\u00bb bottom_padding=\u00bb3%\u00bb text_color=\u00bbdark\u00bb text_align=\u00bbleft\u00bb row_border_radius=\u00bbnone\u00bb row_border_radius_applies=\u00bbbg\u00bb overlay_strength=\u00bb0.3&#8243; gradient_direction=\u00bbleft_to_right\u00bb shape_divider_position=\u00bbbottom\u00bb bg_image_animation=\u00bbnone\u00bb shape_type=\u00bb\u00bb][vc_column column_padding=\u00bbno-extra-padding\u00bb column_padding_tablet=\u00bbinherit\u00bb column_padding_phone=\u00bbinherit\u00bb column_padding_position=\u00bball\u00bb column_element_spacing=\u00bbdefault\u00bb background_color_opacity=\u00bb1&#8243; background_hover_color_opacity=\u00bb1&#8243; column_shadow=\u00bbnone\u00bb column_border_radius=\u00bbnone\u00bb column_link_target=\u00bb_self\u00bb gradient_direction=\u00bbleft_to_right\u00bb overlay_strength=\u00bb0.3&#8243; width=\u00bb1\/6&#8243; tablet_width_inherit=\u00bbdefault\u00bb tablet_text_alignment=\u00bbdefault\u00bb phone_text_alignment=\u00bbdefault\u00bb bg_image_animation=\u00bbnone\u00bb border_type=\u00bbsimple\u00bb column_border_width=\u00bbnone\u00bb column_border_style=\u00bbsolid\u00bb][\/vc_column][vc_column column_padding=\u00bbno-extra-padding\u00bb column_padding_tablet=\u00bbinherit\u00bb column_padding_phone=\u00bbinherit\u00bb column_padding_position=\u00bball\u00bb column_element_spacing=\u00bbdefault\u00bb background_color_opacity=\u00bb1&#8243; background_hover_color_opacity=\u00bb1&#8243; column_shadow=\u00bbnone\u00bb column_border_radius=\u00bbnone\u00bb column_link_target=\u00bb_self\u00bb gradient_direction=\u00bbleft_to_right\u00bb overlay_strength=\u00bb0.3&#8243; width=\u00bb2\/3&#8243; tablet_width_inherit=\u00bbdefault\u00bb tablet_text_alignment=\u00bbdefault\u00bb phone_text_alignment=\u00bbdefault\u00bb bg_image_animation=\u00bbnone\u00bb border_type=\u00bbsimple\u00bb column_border_width=\u00bbnone\u00bb column_border_style=\u00bbsolid\u00bb][vc_column_text]<strong>Todas las habitaciones del hotel incluyen:<\/strong><\/p>\n<ul>\n<li>Amenities de ba\u00f1o \u201cGrown Alchemist\u201d, con ingredientes org\u00e1nicos y no testados en animales.<\/li>\n<li>Secador de pelo, espejo de aumento y zapatillas.<\/li>\n<li>S\u00e1banas Mikmax de algod\u00f3n jersey 100% org\u00e1nico y exquisito.<\/li>\n<li>Almohadas antial\u00e9rgicas de distintas durezas.<\/li>\n<li>Smart TV con Netflix gratuito.<\/li>\n<li>Marshall bluetooth speaker para escuchar tu m\u00fasica o las listas de spotify de Meem Townhouse.<\/li>\n<li>Cesta y toalla de playa.<\/li>\n<li>Agua de cortes\u00eda \u2013 plastic free.<\/li>\n<li>Revistas seleccionadas.<\/li>\n<li>Caja fuerte.<\/li>\n<li>Wi-fi y AC<\/li>\n<\/ul>\n[\/vc_column_text][\/vc_column][vc_column column_padding=\u00bbno-extra-padding\u00bb column_padding_tablet=\u00bbinherit\u00bb column_padding_phone=\u00bbinherit\u00bb column_padding_position=\u00bball\u00bb column_element_spacing=\u00bbdefault\u00bb background_color_opacity=\u00bb1&#8243; background_hover_color_opacity=\u00bb1&#8243; column_shadow=\u00bbnone\u00bb column_border_radius=\u00bbnone\u00bb column_link_target=\u00bb_self\u00bb gradient_direction=\u00bbleft_to_right\u00bb overlay_strength=\u00bb0.3&#8243; width=\u00bb1\/6&#8243; tablet_width_inherit=\u00bbdefault\u00bb tablet_text_alignment=\u00bbdefault\u00bb phone_text_alignment=\u00bbdefault\u00bb bg_image_animation=\u00bbnone\u00bb border_type=\u00bbsimple\u00bb column_border_width=\u00bbnone\u00bb column_border_style=\u00bbsolid\u00bb][\/vc_column][\/vc_row]\n","protected":false},"excerpt":{"rendered":"<p>[vc_row type=\u00bbin_container\u00bb full_screen_row_position=\u00bbmiddle\u00bb column_margin=\u00bbdefault\u00bb column_direction=\u00bbdefault\u00bb column_direction_tablet=\u00bbdefault\u00bb column_direction_phone=\u00bbdefault\u00bb scene_position=\u00bbcenter\u00bb top_padding=\u00bb3%\u00bb constrain_group_1=\u00bbyes\u00bb bottom_padding=\u00bb3%\u00bb text_color=\u00bbdark\u00bb text_align=\u00bbleft\u00bb row_border_radius=\u00bbnone\u00bb row_border_radius_applies=\u00bbbg\u00bb overlay_strength=\u00bb0.3&#8243; gradient_direction=\u00bbleft_to_right\u00bb shape_divider_position=\u00bbbottom\u00bb bg_image_animation=\u00bbnone\u00bb shape_type=\u00bb\u00bb][vc_column column_padding=\u00bbno-extra-padding\u00bb column_padding_tablet=\u00bbinherit\u00bb column_padding_phone=\u00bbinherit\u00bb column_padding_position=\u00bball\u00bb column_element_spacing=\u00bbdefault\u00bb background_color_opacity=\u00bb1&#8243; background_hover_color_opacity=\u00bb1&#8243; column_shadow=\u00bbnone\u00bb column_border_radius=\u00bbnone\u00bb column_link_target=\u00bb_self\u00bb&#8230;<\/p>\n","protected":false},"author":1,"featured_media":0,"parent":0,"menu_order":0,"comment_status":"closed","ping_status":"closed","template":"","meta":[],"aioseo_notices":[],"_links":{"self":[{"href":"https:\/\/meemtownhouse.com\/es\/wp-json\/wp\/v2\/pages\/1076"}],"collection":[{"href":"https:\/\/meemtownhouse.com\/es\/wp-json\/wp\/v2\/pages"}],"about":[{"href":"https:\/\/meemtownhouse.com\/es\/wp-json\/wp\/v2\/types\/page"}],"author":[{"embeddable":true,"href":"https:\/\/meemtownhouse.com\/es\/wp-json\/wp\/v2\/users\/1"}],"replies":[{"embeddable":true,"href":"https:\/\/meemtownhouse.com\/es\/wp-json\/wp\/v2\/comments?post=1076"}],"version-history":[{"count":6,"href":"https:\/\/meemtownhouse.com\/es\/wp-json\/wp\/v2\/pages\/1076\/revisions"}],"predecessor-version":[{"id":1279,"href":"https:\/\/meemtownhouse.com\/es\/wp-json\/wp\/v2\/pages\/1076\/revisions\/1279"}],"wp:attachment":[{"href":"https:\/\/meemtownhouse.com\/es\/wp-json\/wp\/v2\/media?parent=1076"}],"curies":[{"name":"wp","href":"https:\/\/api.w.org\/{rel}","templated":true}]}}